{"id":69,"date":"2026-01-17T13:53:38","date_gmt":"2026-01-17T13:53:38","guid":{"rendered":"https:\/\/sousspal.ma\/index.php\/our-services\/"},"modified":"2026-03-08T19:14:02","modified_gmt":"2026-03-08T19:14:02","slug":"palettes-palox-en-bois","status":"publish","type":"page","link":"https:\/\/sousspal.ma\/index.php\/palettes-palox-en-bois\/","title":{"rendered":"palettes"},"content":{"rendered":"\t\t<div data-elementor-type=\"wp-page\" data-elementor-id=\"69\" class=\"elementor elementor-69\">\n\t\t\t\t<div class=\"elementor-element elementor-element-25a8cae7 e-flex e-con-boxed e-con e-parent\" data-id=\"25a8cae7\" data-element_type=\"container\" data-e-type=\"container\">\n\t\t\t\t\t<div class=\"e-con-inner\">\n\t\t<div class=\"elementor-element elementor-element-1163c694 e-con-full e-flex e-con e-child\" data-id=\"1163c694\" data-element_type=\"container\" data-e-type=\"container\">\n\t\t\t\t<div class=\"elementor-element elementor-element-37455a3 elementor-invisible elementor-widget elementor-widget-heading\" data-id=\"37455a3\" data-element_type=\"widget\" data-e-type=\"widget\" data-settings=\"{&quot;_animation&quot;:&quot;fadeIn&quot;}\" data-widget_type=\"heading.default\">\n\t\t\t\t\t<h1 class=\"elementor-heading-title elementor-size-default\">Palettes &amp; Palox en bois<\/h1>\t\t\t\t<\/div>\n\t\t\t\t<div class=\"elementor-element elementor-element-3b43db54 elementor-invisible elementor-widget elementor-widget-heading\" data-id=\"3b43db54\" data-element_type=\"widget\" data-e-type=\"widget\" data-settings=\"{&quot;_animation&quot;:&quot;fadeIn&quot;,&quot;_animation_delay&quot;:400}\" data-widget_type=\"heading.default\">\n\t\t\t\t\t<h2 class=\"elementor-heading-title elementor-size-default\">Fabrication de palettes standards et sur mesure, ainsi que palox (caisses-palettes) adapt\u00e9s \u00e0 vos contraintes de stockage, manutention et transport<\/h2>\t\t\t\t<\/div>\n\t\t\t\t<\/div>\n\t\t<div class=\"elementor-element elementor-element-1fca85c4 e-con-full e-flex e-con e-child\" data-id=\"1fca85c4\" data-element_type=\"container\" data-e-type=\"container\" data-settings=\"{&quot;background_background&quot;:&quot;classic&quot;}\">\n\t\t\t\t<\/div>\n\t\t\t\t\t<\/div>\n\t\t\t\t<\/div>\n\t\t<div class=\"elementor-element elementor-element-4f8430b3 e-flex e-con-boxed e-con e-parent\" data-id=\"4f8430b3\" data-element_type=\"container\" data-e-type=\"container\">\n\t\t\t\t\t<div class=\"e-con-inner\">\n\t\t<div class=\"elementor-element elementor-element-66c691b4 e-con-full e-flex e-con e-child\" data-id=\"66c691b4\" data-element_type=\"container\" data-e-type=\"container\">\n\t\t<div class=\"elementor-element elementor-element-7cc173af e-con-full e-flex e-con e-child\" data-id=\"7cc173af\" data-element_type=\"container\" data-e-type=\"container\" data-settings=\"{&quot;background_background&quot;:&quot;classic&quot;}\">\n\t\t\t\t<\/div>\n\t\t<div class=\"elementor-element elementor-element-591f9b37 e-con-full e-flex e-con e-child\" data-id=\"591f9b37\" data-element_type=\"container\" data-e-type=\"container\">\n\t\t\t\t<div class=\"elementor-element elementor-element-16fa52b6 elementor-widget elementor-widget-heading\" data-id=\"16fa52b6\" data-element_type=\"widget\" data-e-type=\"widget\" data-widget_type=\"heading.default\">\n\t\t\t\t\t<h2 class=\"elementor-heading-title elementor-size-default\">standard<\/h2>\t\t\t\t<\/div>\n\t\t\t\t<div class=\"elementor-element elementor-element-44dfc547 elementor-widget-divider--view-line elementor-widget elementor-widget-divider\" data-id=\"44dfc547\" data-element_type=\"widget\" data-e-type=\"widget\" data-widget_type=\"divider.default\">\n\t\t\t\t\t\t\t<div class=\"elementor-divider\">\n\t\t\t<span class=\"elementor-divider-separator\">\n\t\t\t\t\t\t<\/span>\n\t\t<\/div>\n\t\t\t\t\t\t<\/div>\n\t\t\t\t<div class=\"elementor-element elementor-element-648c5f5d elementor-widget elementor-widget-text-editor\" data-id=\"648c5f5d\" data-element_type=\"widget\" data-e-type=\"widget\" data-widget_type=\"text-editor.default\">\n\t\t\t\t\t\t\t\t\t<p><strong>dimensions (1200\u00d71000X148)<\/strong><\/p><p>Format standard, robuste et stable, id\u00e9ale pour le stockage et le transport<\/p>\t\t\t\t\t\t\t\t<\/div>\n\t\t\t\t<\/div>\n\t\t\t\t<\/div>\n\t\t<div class=\"elementor-element elementor-element-4a9cd723 e-con-full e-flex e-con e-child\" data-id=\"4a9cd723\" data-element_type=\"container\" data-e-type=\"container\">\n\t\t<div class=\"elementor-element elementor-element-4172b5af e-con-full e-flex e-con e-child\" data-id=\"4172b5af\" data-element_type=\"container\" data-e-type=\"container\" data-settings=\"{&quot;background_background&quot;:&quot;classic&quot;}\">\n\t\t\t\t<\/div>\n\t\t<div class=\"elementor-element elementor-element-563ce5e0 e-con-full e-flex e-con e-child\" data-id=\"563ce5e0\" data-element_type=\"container\" data-e-type=\"container\">\n\t\t\t\t<div class=\"elementor-element elementor-element-756f131e elementor-widget elementor-widget-heading\" data-id=\"756f131e\" data-element_type=\"widget\" data-e-type=\"widget\" data-widget_type=\"heading.default\">\n\t\t\t\t\t<h2 class=\"elementor-heading-title elementor-size-default\">EPAL EUR<\/h2>\t\t\t\t<\/div>\n\t\t\t\t<div class=\"elementor-element elementor-element-1c43de5b elementor-widget-divider--view-line elementor-widget elementor-widget-divider\" data-id=\"1c43de5b\" data-element_type=\"widget\" data-e-type=\"widget\" data-widget_type=\"divider.default\">\n\t\t\t\t\t\t\t<div class=\"elementor-divider\">\n\t\t\t<span class=\"elementor-divider-separator\">\n\t\t\t\t\t\t<\/span>\n\t\t<\/div>\n\t\t\t\t\t\t<\/div>\n\t\t\t\t<div class=\"elementor-element elementor-element-130cb5b5 elementor-widget elementor-widget-text-editor\" data-id=\"130cb5b5\" data-element_type=\"widget\" data-e-type=\"widget\" data-widget_type=\"text-editor.default\">\n\t\t\t\t\t\t\t\t\t<p><strong>dimensions (1200\u00d7800)<\/strong><\/p><p>Robuste et fiable, elle assure une excellente stabilit\u00e9 des marchandises et s\u2019adapte \u00e0 la plupart des syst\u00e8mes logistiques<\/p>\t\t\t\t\t\t\t\t<\/div>\n\t\t\t\t<\/div>\n\t\t\t\t<\/div>\n\t\t<div class=\"elementor-element elementor-element-527f3161 e-con-full e-flex e-con e-child\" data-id=\"527f3161\" data-element_type=\"container\" data-e-type=\"container\">\n\t\t<div class=\"elementor-element elementor-element-3af31d1c e-con-full e-flex e-con e-child\" data-id=\"3af31d1c\" data-element_type=\"container\" data-e-type=\"container\" data-settings=\"{&quot;background_background&quot;:&quot;classic&quot;}\">\n\t\t\t\t<\/div>\n\t\t<div class=\"elementor-element elementor-element-2793d952 e-con-full e-flex e-con e-child\" data-id=\"2793d952\" data-element_type=\"container\" data-e-type=\"container\">\n\t\t\t\t<div class=\"elementor-element elementor-element-70b46773 elementor-widget elementor-widget-heading\" data-id=\"70b46773\" data-element_type=\"widget\" data-e-type=\"widget\" data-widget_type=\"heading.default\">\n\t\t\t\t\t<h2 class=\"elementor-heading-title elementor-size-default\">Palox -caisson<\/h2>\t\t\t\t<\/div>\n\t\t\t\t<div class=\"elementor-element elementor-element-342d3419 elementor-widget-divider--view-line elementor-widget elementor-widget-divider\" data-id=\"342d3419\" data-element_type=\"widget\" data-e-type=\"widget\" data-widget_type=\"divider.default\">\n\t\t\t\t\t\t\t<div class=\"elementor-divider\">\n\t\t\t<span class=\"elementor-divider-separator\">\n\t\t\t\t\t\t<\/span>\n\t\t<\/div>\n\t\t\t\t\t\t<\/div>\n\t\t\t\t<div class=\"elementor-element elementor-element-58ece96a elementor-widget elementor-widget-text-editor\" data-id=\"58ece96a\" data-element_type=\"widget\" data-e-type=\"widget\" data-widget_type=\"text-editor.default\">\n\t\t\t\t\t\t\t\t\t<p><strong data-start=\"110\" data-end=\"143\">palette-caisson<\/strong> utilis\u00e9e pour <strong data-start=\"158\" data-end=\"195\">collecter, stocker et transporter<\/strong> des produits, surtout dans l\u2019agroalimentaire (fruits et l\u00e9gumes).<\/p>\t\t\t\t\t\t\t\t<\/div>\n\t\t\t\t<\/div>\n\t\t\t\t<\/div>\n\t\t<div class=\"elementor-element elementor-element-225a89b7 e-con-full e-flex e-con e-child\" data-id=\"225a89b7\" data-element_type=\"container\" data-e-type=\"container\">\n\t\t<div class=\"elementor-element elementor-element-57d6684f e-con-full e-flex e-con e-child\" data-id=\"57d6684f\" data-element_type=\"container\" data-e-type=\"container\" data-settings=\"{&quot;background_background&quot;:&quot;classic&quot;}\">\n\t\t\t\t<\/div>\n\t\t<div class=\"elementor-element elementor-element-328b7604 e-con-full e-flex e-con e-child\" data-id=\"328b7604\" data-element_type=\"container\" data-e-type=\"container\">\n\t\t\t\t<div class=\"elementor-element elementor-element-308e302f elementor-widget elementor-widget-heading\" data-id=\"308e302f\" data-element_type=\"widget\" data-e-type=\"widget\" data-widget_type=\"heading.default\">\n\t\t\t\t\t<h2 class=\"elementor-heading-title elementor-size-default\">Palette sur mesure<\/h2>\t\t\t\t<\/div>\n\t\t\t\t<div class=\"elementor-element elementor-element-1777d4ea elementor-widget-divider--view-line elementor-widget elementor-widget-divider\" data-id=\"1777d4ea\" data-element_type=\"widget\" data-e-type=\"widget\" data-widget_type=\"divider.default\">\n\t\t\t\t\t\t\t<div class=\"elementor-divider\">\n\t\t\t<span class=\"elementor-divider-separator\">\n\t\t\t\t\t\t<\/span>\n\t\t<\/div>\n\t\t\t\t\t\t<\/div>\n\t\t\t\t<div class=\"elementor-element elementor-element-76a40580 elementor-widget elementor-widget-text-editor\" data-id=\"76a40580\" data-element_type=\"widget\" data-e-type=\"widget\" data-widget_type=\"text-editor.default\">\n\t\t\t\t\t\t\t\t\t<p>La <strong data-start=\"186\" data-end=\"208\">palette sur mesure<\/strong> est fabriqu\u00e9e selon vos besoins exacts : <strong data-start=\"250\" data-end=\"295\">dimensions, charge, type de bois et usage<\/strong>.\u00a0<\/p>\t\t\t\t\t\t\t\t<\/div>\n\t\t\t\t<\/div>\n\t\t\t\t<\/div>\n\t\t<div class=\"elementor-element elementor-element-411c840f e-con-full e-flex e-con e-child\" data-id=\"411c840f\" data-element_type=\"container\" data-e-type=\"container\">\n\t\t<div class=\"elementor-element elementor-element-4458bf94 e-con-full e-flex e-con e-child\" data-id=\"4458bf94\" data-element_type=\"container\" data-e-type=\"container\" data-settings=\"{&quot;background_background&quot;:&quot;classic&quot;}\">\n\t\t\t\t<\/div>\n\t\t<div class=\"elementor-element elementor-element-33f0dbf4 e-con-full e-flex e-con e-child\" data-id=\"33f0dbf4\" data-element_type=\"container\" data-e-type=\"container\">\n\t\t\t\t<div class=\"elementor-element elementor-element-3d6593dd elementor-widget elementor-widget-heading\" data-id=\"3d6593dd\" data-element_type=\"widget\" data-e-type=\"widget\" data-widget_type=\"heading.default\">\n\t\t\t\t\t<h2 class=\"elementor-heading-title elementor-size-default\">Service sur mesure \u2013 Emballage industriel<\/h2>\t\t\t\t<\/div>\n\t\t\t\t<div class=\"elementor-element elementor-element-3b953169 elementor-widget-divider--view-line elementor-widget elementor-widget-divider\" data-id=\"3b953169\" data-element_type=\"widget\" data-e-type=\"widget\" data-widget_type=\"divider.default\">\n\t\t\t\t\t\t\t<div class=\"elementor-divider\">\n\t\t\t<span class=\"elementor-divider-separator\">\n\t\t\t\t\t\t<\/span>\n\t\t<\/div>\n\t\t\t\t\t\t<\/div>\n\t\t\t\t<\/div>\n\t\t\t\t<\/div>\n\t\t<div class=\"elementor-element elementor-element-2b8e0839 e-con-full e-flex e-con e-child\" data-id=\"2b8e0839\" data-element_type=\"container\" data-e-type=\"container\">\n\t\t\t\t<\/div>\n\t\t<div class=\"elementor-element elementor-element-9613f69 e-con-full e-flex e-con e-child\" data-id=\"9613f69\" data-element_type=\"container\" data-e-type=\"container\">\n\t\t\t\t<\/div>\n\t\t<div class=\"elementor-element elementor-element-70832886 e-con-full e-flex e-con e-child\" data-id=\"70832886\" data-element_type=\"container\" data-e-type=\"container\">\n\t\t\t\t<\/div>\n\t\t\t\t\t<\/div>\n\t\t\t\t<\/div>\n\t\t<div class=\"elementor-element elementor-element-72365be8 e-flex e-con-boxed e-con e-parent\" data-id=\"72365be8\" data-element_type=\"container\" data-e-type=\"container\">\n\t\t\t\t\t<div class=\"e-con-inner\">\n\t\t<div class=\"elementor-element elementor-element-2e8b6a95 e-con-full e-flex e-con e-child\" data-id=\"2e8b6a95\" data-element_type=\"container\" data-e-type=\"container\">\n\t\t\t\t<div class=\"elementor-element elementor-element-5f8f5ed9 elementor-widget elementor-widget-heading\" data-id=\"5f8f5ed9\" data-element_type=\"widget\" data-e-type=\"widget\" data-widget_type=\"heading.default\">\n\t\t\t\t\t<h6 class=\"elementor-heading-title elementor-size-default\">Service sur mesure pour l\u2019industrie<\/h6>\t\t\t\t<\/div>\n\t\t\t\t<div class=\"elementor-element elementor-element-5731af1d elementor-widget elementor-widget-heading\" data-id=\"5731af1d\" data-element_type=\"widget\" data-e-type=\"widget\" data-widget_type=\"heading.default\">\n\t\t\t\t\t<h2 class=\"elementor-heading-title elementor-size-default\">Emballage industriel<\/h2>\t\t\t\t<\/div>\n\t\t\t\t<div class=\"elementor-element elementor-element-5a5cd79a elementor-widget__width-initial elementor-widget-mobile__width-inherit elementor-widget elementor-widget-text-editor\" data-id=\"5a5cd79a\" data-element_type=\"widget\" data-e-type=\"widget\" data-widget_type=\"text-editor.default\">\n\t\t\t\t\t\t\t\t\t<p>Nous proposons un service <strong data-start=\"244\" data-end=\"258\">sur mesure<\/strong> d\u2019<strong data-start=\"261\" data-end=\"293\">emballage industriel en bois<\/strong> : caisses, caisses-palettes et solutions de protection adapt\u00e9es \u00e0 vos marchandises (machines, pi\u00e8ces, \u00e9quipements). Chaque r\u00e9alisation est con\u00e7ue selon les dimensions, le poids et les contraintes de transport afin d\u2019assurer une <strong data-start=\"522\" data-end=\"545\">protection maximale<\/strong> et une <strong data-start=\"553\" data-end=\"575\">manutention facile<\/strong> (chariot \u00e9l\u00e9vateur)<\/p>\t\t\t\t\t\t\t\t<\/div>\n\t\t\t\t<div class=\"elementor-element elementor-element-4ad17274 elementor-tablet-align-center elementor-invisible elementor-widget elementor-widget-button\" data-id=\"4ad17274\" data-element_type=\"widget\" data-e-type=\"widget\" data-settings=\"{&quot;_animation&quot;:&quot;fadeIn&quot;}\" data-widget_type=\"button.default\">\n\t\t\t\t\t\t\t\t\t\t<a class=\"elementor-button elementor-button-link elementor-size-sm\" href=\"https:\/\/sousspal.ma\/index.php\/contact\/\">\n\t\t\t\t\t\t<span class=\"elementor-button-content-wrapper\">\n\t\t\t\t\t\t\t\t\t<span class=\"elementor-button-text\">contactez nous<\/span>\n\t\t\t\t\t<\/span>\n\t\t\t\t\t<\/a>\n\t\t\t\t\t\t\t\t<\/div>\n\t\t\t\t<\/div>\n\t\t<div class=\"elementor-element elementor-element-14433871 e-con-full e-flex e-con e-child\" data-id=\"14433871\" data-element_type=\"container\" data-e-type=\"container\" data-settings=\"{&quot;background_background&quot;:&quot;classic&quot;}\">\n\t\t\t\t<div class=\"elementor-element elementor-element-3f7925dc elementor-widget elementor-widget-image\" data-id=\"3f7925dc\" data-element_type=\"widget\" data-e-type=\"widget\" data-widget_type=\"image.default\">\n\t\t\t\t\t\t\t\t\t\t\t\t\t\t\t<img fetchpriority=\"high\" decoding=\"async\" width=\"1200\" height=\"1600\" src=\"https:\/\/sousspal.ma\/wp-content\/uploads\/2026\/01\/61cc8b0a-e56c-44c6-8e73-9c9edb0b1983.jpg\" class=\"attachment-full size-full wp-image-324\" alt=\"\" srcset=\"https:\/\/sousspal.ma\/wp-content\/uploads\/2026\/01\/61cc8b0a-e56c-44c6-8e73-9c9edb0b1983.jpg 1200w, https:\/\/sousspal.ma\/wp-content\/uploads\/2026\/01\/61cc8b0a-e56c-44c6-8e73-9c9edb0b1983-225x300.jpg 225w, https:\/\/sousspal.ma\/wp-content\/uploads\/2026\/01\/61cc8b0a-e56c-44c6-8e73-9c9edb0b1983-768x1024.jpg 768w, https:\/\/sousspal.ma\/wp-content\/uploads\/2026\/01\/61cc8b0a-e56c-44c6-8e73-9c9edb0b1983-1152x1536.jpg 1152w\" sizes=\"(max-width: 1200px) 100vw, 1200px\" \/>\t\t\t\t\t\t\t\t\t\t\t\t\t\t\t<\/div>\n\t\t\t\t<\/div>\n\t\t\t\t\t<\/div>\n\t\t\t\t<\/div>\n\t\t<div class=\"elementor-element elementor-element-b4b3480 e-con-full e-flex e-con e-child\" data-id=\"b4b3480\" data-element_type=\"container\" data-e-type=\"container\" data-settings=\"{&quot;background_background&quot;:&quot;classic&quot;}\">\n\t\t\t\t<\/div>\n\t\t<div class=\"elementor-element elementor-element-e3d83e3 e-con-full e-flex e-con e-child\" data-id=\"e3d83e3\" data-element_type=\"container\" data-e-type=\"container\" data-settings=\"{&quot;background_background&quot;:&quot;classic&quot;}\">\n\t\t\t\t<\/div>\n\t\t<div class=\"elementor-element elementor-element-ef866f8 e-con-full e-flex e-con e-child\" data-id=\"ef866f8\" data-element_type=\"container\" data-e-type=\"container\" data-settings=\"{&quot;background_background&quot;:&quot;classic&quot;}\">\n\t\t\t\t<\/div>\n\t\t\t\t<\/div>\n\t\t","protected":false},"excerpt":{"rendered":"<p>Palettes &amp; Palox en bois Fabrication de palettes standards et sur mesure, ainsi que palox (caisses-palettes) adapt\u00e9s \u00e0 vos contraintes de stockage, manutention et transport standard dimensions (1200\u00d71000X148) Format standard, robuste et stable, id\u00e9ale pour le stockage et le transport EPAL EUR dimensions (1200\u00d7800) Robuste et fiable, elle assure une excellente stabilit\u00e9 des marchandises et [&hellip;]<\/p>\n","protected":false},"author":1,"featured_media":78,"parent":0,"menu_order":0,"comment_status":"closed","ping_status":"closed","template":"elementor_header_footer","meta":{"_uag_custom_page_level_css":"","footnotes":""},"class_list":["post-69","page","type-page","status-publish","has-post-thumbnail","hentry"],"uagb_featured_image_src":{"full":["https:\/\/sousspal.ma\/wp-content\/uploads\/2026\/01\/Our-Servoces-400_380.jpg",400,380,false],"thumbnail":["https:\/\/sousspal.ma\/wp-content\/uploads\/2026\/01\/Our-Servoces-400_380-150x150.jpg",150,150,true],"medium":["https:\/\/sousspal.ma\/wp-content\/uploads\/2026\/01\/Our-Servoces-400_380-300x285.jpg",300,285,true],"medium_large":["https:\/\/sousspal.ma\/wp-content\/uploads\/2026\/01\/Our-Servoces-400_380.jpg",400,380,false],"large":["https:\/\/sousspal.ma\/wp-content\/uploads\/2026\/01\/Our-Servoces-400_380.jpg",400,380,false],"1536x1536":["https:\/\/sousspal.ma\/wp-content\/uploads\/2026\/01\/Our-Servoces-400_380.jpg",400,380,false],"2048x2048":["https:\/\/sousspal.ma\/wp-content\/uploads\/2026\/01\/Our-Servoces-400_380.jpg",400,380,false]},"uagb_author_info":{"display_name":"admin","author_link":"https:\/\/sousspal.ma\/index.php\/author\/admin_pbk9lmk3\/"},"uagb_comment_info":0,"uagb_excerpt":"Palettes &amp; Palox en bois Fabrication de palettes standards et sur mesure, ainsi que palox (caisses-palettes) adapt\u00e9s \u00e0 vos contraintes de stockage, manutention et transport standard dimensions (1200\u00d71000X148) Format standard, robuste et stable, id\u00e9ale pour le stockage et le transport EPAL EUR dimensions (1200\u00d7800) Robuste et fiable, elle assure une excellente stabilit\u00e9 des marchandises et&hellip;","_links":{"self":[{"href":"https:\/\/sousspal.ma\/index.php\/wp-json\/wp\/v2\/pages\/69","targetHints":{"allow":["GET"]}}],"collection":[{"href":"https:\/\/sousspal.ma\/index.php\/wp-json\/wp\/v2\/pages"}],"about":[{"href":"https:\/\/sousspal.ma\/index.php\/wp-json\/wp\/v2\/types\/page"}],"author":[{"embeddable":true,"href":"https:\/\/sousspal.ma\/index.php\/wp-json\/wp\/v2\/users\/1"}],"replies":[{"embeddable":true,"href":"https:\/\/sousspal.ma\/index.php\/wp-json\/wp\/v2\/comments?post=69"}],"version-history":[{"count":42,"href":"https:\/\/sousspal.ma\/index.php\/wp-json\/wp\/v2\/pages\/69\/revisions"}],"predecessor-version":[{"id":491,"href":"https:\/\/sousspal.ma\/index.php\/wp-json\/wp\/v2\/pages\/69\/revisions\/491"}],"wp:featuredmedia":[{"embeddable":true,"href":"https:\/\/sousspal.ma\/index.php\/wp-json\/wp\/v2\/media\/78"}],"wp:attachment":[{"href":"https:\/\/sousspal.ma\/index.php\/wp-json\/wp\/v2\/media?parent=69"}],"curies":[{"name":"wp","href":"https:\/\/api.w.org\/{rel}","templated":true}]}}