{"id":221,"date":"2026-01-18T10:51:57","date_gmt":"2026-01-18T10:51:57","guid":{"rendered":"https:\/\/sousspal.ma\/?page_id=221"},"modified":"2026-02-11T13:56:28","modified_gmt":"2026-02-11T13:56:28","slug":"cerclage","status":"publish","type":"page","link":"https:\/\/sousspal.ma\/index.php\/cerclage\/","title":{"rendered":""},"content":{"rendered":"\t\t<div data-elementor-type=\"wp-page\" data-elementor-id=\"221\" class=\"elementor elementor-221\">\n\t\t\t\t<div class=\"elementor-element elementor-element-1af8d46 e-flex e-con-boxed e-con e-parent\" data-id=\"1af8d46\" data-element_type=\"container\" data-e-type=\"container\">\n\t\t\t\t\t<div class=\"e-con-inner\">\n\t\t\t\t<div class=\"elementor-element elementor-element-ef09a29 elementor-widget elementor-widget-heading\" data-id=\"ef09a29\" data-element_type=\"widget\" data-e-type=\"widget\" data-widget_type=\"heading.default\">\n\t\t\t\t\t<h1 class=\"elementor-heading-title elementor-size-default\">Emballage &amp; S\u00e9curisation des Palettes<\/h1>\t\t\t\t<\/div>\n\t\t\t\t\t<\/div>\n\t\t\t\t<\/div>\n\t\t<div class=\"elementor-element elementor-element-79b5643e e-flex e-con-boxed e-con e-parent\" data-id=\"79b5643e\" data-element_type=\"container\" data-e-type=\"container\">\n\t\t\t\t\t<div class=\"e-con-inner\">\n\t\t\t\t<div class=\"elementor-element elementor-element-3bac451e elementor-widget elementor-widget-text-editor\" data-id=\"3bac451e\" data-element_type=\"widget\" data-e-type=\"widget\" data-widget_type=\"text-editor.default\">\n\t\t\t\t\t\t\t\t\t<p>\u00a0<\/p><p>Pour garantir un transport s\u00fbr et une protection optimale de vos marchandises, nous proposons une gamme compl\u00e8te de solutions de cerclage, protection d\u2019angles et films d\u2019emballage adapt\u00e9es \u00e0 vos palettes.<\/p>\t\t\t\t\t\t\t\t<\/div>\n\t\t\t\t\t<\/div>\n\t\t\t\t<\/div>\n\t\t<div class=\"elementor-element elementor-element-d00f41c e-con-full e-flex e-con e-child\" data-id=\"d00f41c\" data-element_type=\"container\" data-e-type=\"container\" data-settings=\"{&quot;background_background&quot;:&quot;classic&quot;}\">\n\t\t\t\t<\/div>\n\t\t<div class=\"elementor-element elementor-element-e3a8d5b e-grid e-con-boxed e-con e-parent\" data-id=\"e3a8d5b\" data-element_type=\"container\" data-e-type=\"container\">\n\t\t\t\t\t<div class=\"e-con-inner\">\n\t\t\t\t<div class=\"elementor-element elementor-element-4894021 elementor-widget elementor-widget-spacer\" data-id=\"4894021\" data-element_type=\"widget\" data-e-type=\"widget\" data-widget_type=\"spacer.default\">\n\t\t\t\t\t\t\t<div class=\"elementor-spacer\">\n\t\t\t<div class=\"elementor-spacer-inner\"><\/div>\n\t\t<\/div>\n\t\t\t\t\t\t<\/div>\n\t\t\t\t\t<\/div>\n\t\t\t\t<\/div>\n\t\t<div class=\"elementor-element elementor-element-bcca1c1 e-con-full animated-slow e-flex elementor-invisible e-con e-parent\" data-id=\"bcca1c1\" data-element_type=\"container\" data-e-type=\"container\" data-settings=\"{&quot;animation&quot;:&quot;fadeInLeft&quot;}\">\n\t\t<div class=\"elementor-element elementor-element-dca801a e-con-full e-flex e-con e-child\" data-id=\"dca801a\" data-element_type=\"container\" data-e-type=\"container\" data-settings=\"{&quot;background_background&quot;:&quot;classic&quot;}\">\n\t\t\t\t<\/div>\n\t\t<div class=\"elementor-element elementor-element-dca3d5f e-con-full e-flex e-con e-child\" data-id=\"dca3d5f\" data-element_type=\"container\" data-e-type=\"container\">\n\t\t\t\t<div class=\"elementor-element elementor-element-0bdfc61 elementor-widget elementor-widget-heading\" data-id=\"0bdfc61\" data-element_type=\"widget\" data-e-type=\"widget\" data-widget_type=\"heading.default\">\n\t\t\t\t\t<h6 class=\"elementor-heading-title elementor-size-default\">Solutions de cerclage <\/h6>\t\t\t\t<\/div>\n\t\t\t\t<div class=\"elementor-element elementor-element-bb2f831 elementor-widget elementor-widget-heading\" data-id=\"bb2f831\" data-element_type=\"widget\" data-e-type=\"widget\" data-settings=\"{&quot;_animation&quot;:&quot;none&quot;}\" data-widget_type=\"heading.default\">\n\t\t\t\t\t<h2 class=\"elementor-heading-title elementor-size-default\">Feuillard<\/h2>\t\t\t\t<\/div>\n\t\t\t\t<div class=\"elementor-element elementor-element-1e46396 elementor-invisible elementor-widget elementor-widget-text-editor\" data-id=\"1e46396\" data-element_type=\"widget\" data-e-type=\"widget\" data-settings=\"{&quot;_animation&quot;:&quot;fadeIn&quot;,&quot;_animation_delay&quot;:400}\" data-widget_type=\"text-editor.default\">\n\t\t\t\t\t\t\t\t\t<p data-start=\"640\" data-end=\"733\">Solutions de cerclage pour maintenir vos charges en toute s\u00e9curit\u00e9.<br \/><strong data-start=\"708\" data-end=\"733\">Options disponibles :<\/strong><\/p><ol data-start=\"734\" data-end=\"862\"><li data-start=\"734\" data-end=\"782\"><p data-start=\"736\" data-end=\"782\">Feuillard <strong data-start=\"746\" data-end=\"766\">PP \/ PET \/ Acier<\/strong>\u00a0<\/p><\/li><li data-start=\"783\" data-end=\"819\"><p data-start=\"785\" data-end=\"819\">Boucles et accessoires de cerclage<\/p><\/li><li data-start=\"820\" data-end=\"862\"><p data-start=\"822\" data-end=\"862\">\u00a0Tendeurs \/ Pinces selon besoin<\/p><\/li><\/ol><p data-start=\"864\" data-end=\"938\"><strong data-start=\"864\" data-end=\"880\">Id\u00e9al pour :<\/strong> charges lourdes\u060c cartons\u060c big bags\u060c produits industriels<\/p>\t\t\t\t\t\t\t\t<\/div>\n\t\t\t\t<\/div>\n\t\t\t\t<div class=\"elementor-element elementor-element-4f78305 elementor-widget elementor-widget-spacer\" data-id=\"4f78305\" data-element_type=\"widget\" data-e-type=\"widget\" data-widget_type=\"spacer.default\">\n\t\t\t\t\t\t\t<div class=\"elementor-spacer\">\n\t\t\t<div class=\"elementor-spacer-inner\"><\/div>\n\t\t<\/div>\n\t\t\t\t\t\t<\/div>\n\t\t\t\t<\/div>\n\t\t<div class=\"elementor-element elementor-element-107d0f1 e-con-full animated-slow e-flex elementor-invisible e-con e-parent\" data-id=\"107d0f1\" data-element_type=\"container\" data-e-type=\"container\" data-settings=\"{&quot;animation&quot;:&quot;fadeInRight&quot;}\">\n\t\t<div class=\"elementor-element elementor-element-a27d0d7 e-con-full e-flex e-con e-child\" data-id=\"a27d0d7\" data-element_type=\"container\" data-e-type=\"container\" data-settings=\"{&quot;background_background&quot;:&quot;classic&quot;}\">\n\t\t\t\t<\/div>\n\t\t<div class=\"elementor-element elementor-element-a016625 e-con-full e-flex e-con e-child\" data-id=\"a016625\" data-element_type=\"container\" data-e-type=\"container\">\n\t\t\t\t<div class=\"elementor-element elementor-element-b6da968 elementor-widget elementor-widget-heading\" data-id=\"b6da968\" data-element_type=\"widget\" data-e-type=\"widget\" data-widget_type=\"heading.default\">\n\t\t\t\t\t<h6 class=\"elementor-heading-title elementor-size-default\">Corni\u00e8res &amp; Protections d\u2019angles<\/h6>\t\t\t\t<\/div>\n\t\t\t\t<div class=\"elementor-element elementor-element-d22f476 elementor-widget elementor-widget-heading\" data-id=\"d22f476\" data-element_type=\"widget\" data-e-type=\"widget\" data-widget_type=\"heading.default\">\n\t\t\t\t\t<h2 class=\"elementor-heading-title elementor-size-default\">Protections <\/h2>\t\t\t\t<\/div>\n\t\t\t\t<div class=\"elementor-element elementor-element-1379f1d elementor-invisible elementor-widget elementor-widget-text-editor\" data-id=\"1379f1d\" data-element_type=\"widget\" data-e-type=\"widget\" data-settings=\"{&quot;_animation&quot;:&quot;fadeIn&quot;,&quot;_animation_delay&quot;:400}\" data-widget_type=\"text-editor.default\">\n\t\t\t\t\t\t\t\t\t<p data-start=\"985\" data-end=\"1078\">Protection renforc\u00e9e des coins pour \u00e9viter l\u2019\u00e9crasement et stabiliser la palette.<br \/><strong data-start=\"1067\" data-end=\"1078\">Types :<\/strong><\/p><ol data-start=\"1079\" data-end=\"1147\"><li data-start=\"1079\" data-end=\"1107\"><p data-start=\"1081\" data-end=\"1107\">Corni\u00e8res <strong data-start=\"1091\" data-end=\"1101\">carton<\/strong>\u00a0<\/p><\/li><li data-start=\"1108\" data-end=\"1147\"><p data-start=\"1110\" data-end=\"1147\">Protections <strong data-start=\"1122\" data-end=\"1135\">plastique<\/strong>\u00a0<\/p><\/li><\/ol><p data-start=\"1149\" data-end=\"1214\">\u00a0<\/p>\t\t\t\t\t\t\t\t<\/div>\n\t\t\t\t<\/div>\n\t\t\t\t<\/div>\n\t\t<div class=\"elementor-element elementor-element-5c76a76 e-con-full animated-slow e-flex elementor-invisible e-con e-parent\" data-id=\"5c76a76\" data-element_type=\"container\" data-e-type=\"container\" data-settings=\"{&quot;animation&quot;:&quot;fadeInLeft&quot;}\">\n\t\t<div class=\"elementor-element elementor-element-482ddee e-con-full e-flex e-con e-child\" data-id=\"482ddee\" data-element_type=\"container\" data-e-type=\"container\" data-settings=\"{&quot;background_background&quot;:&quot;classic&quot;}\">\n\t\t\t\t<\/div>\n\t\t<div class=\"elementor-element elementor-element-cab9a1c e-con-full e-flex e-con e-child\" data-id=\"cab9a1c\" data-element_type=\"container\" data-e-type=\"container\">\n\t\t\t\t<div class=\"elementor-element elementor-element-7066c3e elementor-widget elementor-widget-heading\" data-id=\"7066c3e\" data-element_type=\"widget\" data-e-type=\"widget\" data-widget_type=\"heading.default\">\n\t\t\t\t\t<h4 class=\"elementor-heading-title elementor-size-default\">Emballage rapide et efficace <\/h4>\t\t\t\t<\/div>\n\t\t\t\t<div class=\"elementor-element elementor-element-ac47498 elementor-widget elementor-widget-heading\" data-id=\"ac47498\" data-element_type=\"widget\" data-e-type=\"widget\" data-widget_type=\"heading.default\">\n\t\t\t\t\t<h2 class=\"elementor-heading-title elementor-size-default\">Film \u00e9tirable<\/h2>\t\t\t\t<\/div>\n\t\t\t\t<div class=\"elementor-element elementor-element-127d430 elementor-invisible elementor-widget elementor-widget-text-editor\" data-id=\"127d430\" data-element_type=\"widget\" data-e-type=\"widget\" data-settings=\"{&quot;_animation&quot;:&quot;fadeIn&quot;,&quot;_animation_delay&quot;:400}\" data-widget_type=\"text-editor.default\">\n\t\t\t\t\t\t\t\t\t<p data-start=\"1252\" data-end=\"1324\">Emballage rapide et efficace pour stabiliser vos palettes.<br \/><strong data-start=\"1311\" data-end=\"1324\">Formats :<\/strong><\/p><ol data-start=\"1325\" data-end=\"1435\"><li data-start=\"1325\" data-end=\"1351\"><p data-start=\"1327\" data-end=\"1351\">Film \u00e9tirable <strong data-start=\"1341\" data-end=\"1351\">manuel<\/strong><\/p><\/li><li data-start=\"1352\" data-end=\"1394\"><p data-start=\"1354\" data-end=\"1394\">Film \u00e9tirable <strong data-start=\"1368\" data-end=\"1379\">machine<\/strong>\u00a0<\/p><\/li><li data-start=\"1395\" data-end=\"1435\"><p data-start=\"1397\" data-end=\"1435\">Diff\u00e9rentes \u00e9paisseurs selon la charge<\/p><\/li><\/ol>\t\t\t\t\t\t\t\t<\/div>\n\t\t\t\t<\/div>\n\t\t\t\t<\/div>\n\t\t\t\t<\/div>\n\t\t","protected":false},"excerpt":{"rendered":"<p>Emballage &amp; S\u00e9curisation des Palettes \u00a0 Pour garantir un transport s\u00fbr et une protection optimale de vos marchandises, nous proposons une gamme compl\u00e8te de solutions de cerclage, protection d\u2019angles et films d\u2019emballage adapt\u00e9es \u00e0 vos palettes. Solutions de cerclage Feuillard Solutions de cerclage pour maintenir vos charges en toute s\u00e9curit\u00e9.Options disponibles : Feuillard PP \/ [&hellip;]<\/p>\n","protected":false},"author":1,"featured_media":0,"parent":0,"menu_order":0,"comment_status":"closed","ping_status":"closed","template":"","meta":{"_uag_custom_page_level_css":"","footnotes":""},"class_list":["post-221","page","type-page","status-publish","hentry"],"uagb_featured_image_src":{"full":false,"thumbnail":false,"medium":false,"medium_large":false,"large":false,"1536x1536":false,"2048x2048":false},"uagb_author_info":{"display_name":"admin","author_link":"https:\/\/sousspal.ma\/index.php\/author\/admin_pbk9lmk3\/"},"uagb_comment_info":0,"uagb_excerpt":"Emballage &amp; S\u00e9curisation des Palettes \u00a0 Pour garantir un transport s\u00fbr et une protection optimale de vos marchandises, nous proposons une gamme compl\u00e8te de solutions de cerclage, protection d\u2019angles et films d\u2019emballage adapt\u00e9es \u00e0 vos palettes. Solutions de cerclage Feuillard Solutions de cerclage pour maintenir vos charges en toute s\u00e9curit\u00e9.Options disponibles : Feuillard PP \/&hellip;","_links":{"self":[{"href":"https:\/\/sousspal.ma\/index.php\/wp-json\/wp\/v2\/pages\/221","targetHints":{"allow":["GET"]}}],"collection":[{"href":"https:\/\/sousspal.ma\/index.php\/wp-json\/wp\/v2\/pages"}],"about":[{"href":"https:\/\/sousspal.ma\/index.php\/wp-json\/wp\/v2\/types\/page"}],"author":[{"embeddable":true,"href":"https:\/\/sousspal.ma\/index.php\/wp-json\/wp\/v2\/users\/1"}],"replies":[{"embeddable":true,"href":"https:\/\/sousspal.ma\/index.php\/wp-json\/wp\/v2\/comments?post=221"}],"version-history":[{"count":57,"href":"https:\/\/sousspal.ma\/index.php\/wp-json\/wp\/v2\/pages\/221\/revisions"}],"predecessor-version":[{"id":425,"href":"https:\/\/sousspal.ma\/index.php\/wp-json\/wp\/v2\/pages\/221\/revisions\/425"}],"wp:attachment":[{"href":"https:\/\/sousspal.ma\/index.php\/wp-json\/wp\/v2\/media?parent=221"}],"curies":[{"name":"wp","href":"https:\/\/api.w.org\/{rel}","templated":true}]}}